{"id":372,"date":"2025-03-10T19:26:50","date_gmt":"2025-03-10T18:26:50","guid":{"rendered":"https:\/\/www.mve-liste.de\/?page_id=372"},"modified":"2025-03-10T19:36:31","modified_gmt":"2025-03-10T18:36:31","slug":"aktuell","status":"publish","type":"page","link":"https:\/\/www.mve-liste.de\/index.php\/aktuell\/","title":{"rendered":"Aktuell"},"content":{"rendered":"\n<p><strong>Nachruf auf Prof. Harald Euler, Ph.D. (13. November 1943 bis 15. Januar 2025)<\/strong><\/p>\n\n\n\n<p>Mit gro\u00dfer Trauer und tiefem Respekt nehmen wir Abschied von Prof. Harald Euler, Ph.D., einem herausragenden Wissenschaftler, Kollegen und Freund. Als Gr\u00fcndungsmitglied unserer interdisziplin\u00e4ren Fachgesellschaft zur Erforschung menschlichen Verhaltens aus evolution\u00e4rer Perspektive hinterl\u00e4sst er eine L\u00fccke, die nur schwer zu schlie\u00dfen sein wird.<\/p>\n\n\n\n<p>Prof. Euler widmete sein Leben der Wissenschaft und leistete bahnbrechende Beitr\u00e4ge zur Evolutionspsychologie. Besonders seine Arbeiten zu famili\u00e4ren Bindungen, Geschlechterunterschieden und Gro\u00dfeltern-Enkel-Beziehungen pr\u00e4gten das Feld nachhaltig. Mit au\u00dfergew\u00f6hnlichem Scharfsinn und analytischer Tiefe schaffte er es, komplexe menschliche Verhaltensmuster verst\u00e4ndlich zu erkl\u00e4ren. Seine Forschungsarbeiten inspirierten Generationen von Wissenschaftlern und Studierenden, die von seiner intellektuellen Neugier und Leidenschaft angesteckt wurden.<\/p>\n\n\n\n<p>Ohne Harald Euler h\u00e4tte es die MVE-Liste wom\u00f6glich niemals gegeben. Percy Vogel, zusammen mit J\u00f6rg Wettlaufer Gr\u00fcnder der MVE-Liste 1999, war damals Doktorand bei Harald Euler, als in Kassel, unterst\u00fctzt durch den Lehrstuhl von Harald Euler, im April 2000 in Kassel das erste interdisziplin\u00e4re Treffen der MVE-Liste stattfand.&nbsp;<\/p>\n\n\n\n<p>Doch Harald Euler war nicht nur ein brillanter Forscher, sondern vor allem auch ein Mensch voller Herzlichkeit und Humor. Er begegnete jedem mit Offenheit und Wertsch\u00e4tzung, unabh\u00e4ngig von dessen akademischem Status. Als Mentor verstand er es, zu f\u00f6rdern und zu fordern, und seine wissenschaftliche Neugier, seine Geduld und sein Verst\u00e4ndnis werden vielen von uns unvergesslich bleiben.<\/p>\n\n\n\n<p>Ein besonderes Verm\u00e4chtnis hinterl\u00e4sst er als Lehrer und Betreuer. Seine Vorlesungen waren inspirierend, seine Betreuung von Doktoranden beispielhaft. Er nahm sich stets Zeit, zuzuh\u00f6ren und zu beraten, und ermutigte seine Studierenden, eigene Wege zu gehen und kritisch zu hinterfragen. Sein letzter Doktorand, Benjamin P. Lange, beschreibt ihn in einem bewegenden Nachruf als \u201eeinen gro\u00dfartigen Denker und inspirierenden Menschen\u201c, dessen Wirken weit \u00fcber die akademische Welt hinausreichte. Der vollst\u00e4ndige Nachruf kann <a href=\"https:\/\/www.benjaminplange.de\/nachruf-harald-euler\/\">hier<\/a> gelesen werden.<\/p>\n\n\n\n<p>Seine Warmherzigkeit und sein Humor bereicherten nicht nur das akademische Leben, sondern auch das pers\u00f6nliche Miteinander. Er verstand es, durch kleine Gesten und kluge Worte Menschen zu verbinden und zu inspirieren. Viele von uns erinnern sich an seine Anekdoten, sein verschmitztes L\u00e4cheln und die unz\u00e4hligen anregenden Diskussionen, die uns noch lange begleiten werden.<\/p>\n\n\n\n<p>Unsere Gedanken sind bei seiner Familie, seinen Freunden und allen, die das Privileg hatten, ihn kennenzulernen. Prof. Harald Euler hinterl\u00e4sst nicht nur ein wissenschaftliches Erbe, sondern auch eine menschliche Erinnerung an Freundschaft, Gro\u00dfz\u00fcgigkeit und Inspiration.<\/p>\n\n\n\n<p>Er wird uns fehlen \u2013 als Forscher, als Kollege und vor allem als Mensch. Wir werden sein Andenken in Ehren halten und sein wissenschaftliches Werk weiterf\u00fchren, in dem Wissen, dass seine Ideen und Gedanken in uns weiterleben.<\/p>\n\n\n\n<p>Kai P. Willf\u00fchr, Sascha Schwarz und Lars Penke<\/p>\n\n\n\n<p>im Namen der MVE-Liste.<\/p>\n","protected":false},"excerpt":{"rendered":"<p>Nachruf auf Prof. Harald Euler, Ph.D. (13. November 1943 bis 15. Januar 2025) Mit gro\u00dfer Trauer und tiefem Respekt nehmen wir Abschied von Prof. Harald Euler, Ph.D., einem herausragenden Wissenschaftler, Kollegen und Freund. Als Gr\u00fcndungsmitglied unserer interdisziplin\u00e4ren Fachgesellschaft zur Erforschung menschlichen Verhaltens aus evolution\u00e4rer Perspektive hinterl\u00e4sst er eine L\u00fccke, die nur schwer zu schlie\u00dfen sein &hellip; <\/p>\n<p class=\"link-more\"><a href=\"https:\/\/www.mve-liste.de\/index.php\/aktuell\/\" class=\"more-link\"><span class=\"screen-reader-text\">\u201eAktuell\u201c<\/span> weiterlesen<\/a><\/p>\n","protected":false},"author":2,"featured_media":0,"parent":0,"menu_order":0,"comment_status":"closed","ping_status":"closed","template":"","meta":{"footnotes":""},"class_list":["post-372","page","type-page","status-publish","hentry","entry"],"_links":{"self":[{"href":"https:\/\/www.mve-liste.de\/index.php\/wp-json\/wp\/v2\/pages\/372","targetHints":{"allow":["GET"]}}],"collection":[{"href":"https:\/\/www.mve-liste.de\/index.php\/wp-json\/wp\/v2\/pages"}],"about":[{"href":"https:\/\/www.mve-liste.de\/index.php\/wp-json\/wp\/v2\/types\/page"}],"author":[{"embeddable":true,"href":"https:\/\/www.mve-liste.de\/index.php\/wp-json\/wp\/v2\/users\/2"}],"replies":[{"embeddable":true,"href":"https:\/\/www.mve-liste.de\/index.php\/wp-json\/wp\/v2\/comments?post=372"}],"version-history":[{"count":1,"href":"https:\/\/www.mve-liste.de\/index.php\/wp-json\/wp\/v2\/pages\/372\/revisions"}],"predecessor-version":[{"id":373,"href":"https:\/\/www.mve-liste.de\/index.php\/wp-json\/wp\/v2\/pages\/372\/revisions\/373"}],"wp:attachment":[{"href":"https:\/\/www.mve-liste.de\/index.php\/wp-json\/wp\/v2\/media?parent=372"}],"curies":[{"name":"wp","href":"https:\/\/api.w.org\/{rel}","templated":true}]}}