{"id":2,"date":"2021-09-15T11:54:17","date_gmt":"2021-09-15T09:54:17","guid":{"rendered":"http:\/\/wp1146572.server-he.de\/?page_id=2"},"modified":"2025-05-12T17:45:48","modified_gmt":"2025-05-12T15:45:48","slug":"beispiel-seite","status":"publish","type":"page","link":"https:\/\/www.mve-liste.de\/","title":{"rendered":"\u00dcber MVE"},"content":{"rendered":"\n<blockquote class=\"wp-block-quote is-layout-flow wp-block-quote-is-layout-flow\">\n<p>\u201cNothing in biology makes sense, except in the light of evolution.\u201d<\/p>\n<cite>Theodosius Dobzhansky<\/cite><\/blockquote>\n\n\n\n<figure class=\"wp-block-image size-large is-resized is-style-default\"><img loading=\"lazy\" decoding=\"async\" width=\"1024\" height=\"877\" src=\"https:\/\/www.mve-liste.de\/wp-content\/uploads\/2022\/07\/MVE_2_ohne_schrift-1024x877.png\" alt=\"\" class=\"wp-image-243\" style=\"width:768px;height:658px\" srcset=\"https:\/\/www.mve-liste.de\/wp-content\/uploads\/2022\/07\/MVE_2_ohne_schrift-1024x877.png 1024w, https:\/\/www.mve-liste.de\/wp-content\/uploads\/2022\/07\/MVE_2_ohne_schrift-300x257.png 300w, https:\/\/www.mve-liste.de\/wp-content\/uploads\/2022\/07\/MVE_2_ohne_schrift-768x658.png 768w, https:\/\/www.mve-liste.de\/wp-content\/uploads\/2022\/07\/MVE_2_ohne_schrift.png 1509w\" sizes=\"auto, (max-width: 1024px) 100vw, 1024px\" \/><\/figure>\n\n\n\n<p>Die Mailingliste \u201eMenschliches Verhalten aus Evolution\u00e4rer Perspektive\u201c (MVE) dient dem wissenschaftlichen Austausch von evolutionstheoretisch interessierten Wissenschaftler*innen im deutschsprachigen Raum.<\/p>\n\n\n\n<p>Die MVE m\u00f6chte Interessierte dabei unterst\u00fctzen, miteinander ins Gespr\u00e4ch zu kommen, und Kooperationen anregen. Mitglieder der Liste laden hierzu j\u00e4hrlich zu einer Tagung ein. Diese bietet ein wissenschaftliches Forum f\u00fcr die Diskussion aktueller Forschungsaktivit\u00e4ten und den Austausch innerhalb des Netzwerkes sowie mit einer interessierten \u00d6ffentlichkeit. Die Mitglieder der Liste sind in verschiedenen Disziplinen der Natur-, Geistes- und Sozialwissenschaften beheimatet und bringen eine Vielfalt an wissenschaftlichen Perspektiven miteinander ins interdisziplin\u00e4re Gespr\u00e4ch.<\/p>\n\n\n\n<p>Eingeladen sind gleicherma\u00dfen evolutionstheoretisch interessierte Soziolog*innen, Historiker*innen, Psycholog*innen, P\u00e4dagog*innen, Politolog*innen, Jurist*innen, Philosoph*innen, usw., wie auch an einem interdisziplin\u00e4ren Austausch \u00fcber menschliches Verhalten interessierte Biolog*innen, Mediziner*innen, Anthropolog*innen, usw.<\/p>\n\n\n\n<p>Uns ist wichtig, auch und besonders Nachwuchswissenschaftler*innen anzusprechen und deren Austausch und Aktivit\u00e4ten zu f\u00f6rdern. Dar\u00fcber hinaus bietet die Webseite themenrelevante Links, wissenschaftliche Texte und aktuelle Berichte. Wenn Sie Interesse haben in die Mailingliste aufgenommen zu werden, k\u00f6nnen Sie uns mit Hilfe dieses <a href=\"http:\/\/wp1146572.server-he.de\/index.php\/mitglied-werden\/\" data-type=\"page\" data-id=\"138\">Formulars<\/a> kontaktieren.<\/p>\n\n\n\n<p><strong>Hintergrund<\/strong><\/p>\n\n\n\n<p>Percy Vogel und J\u00f6rg Wettlaufer gr\u00fcndeten im Jahre 1999 an der Universit\u00e4t Kiel eine Adressenliste im Internet, die die Kontaktaufnahme von Interessierten im deutschsprachigen Raum erm\u00f6glichen bzw. erleichtern sollte. Die Zahl der eingetragenen Forscher*innen stieg rasch und bereits im April 2000 kam es zu einem ersten Treffen an der Universit\u00e4t Kassel. Seither informiert die Liste regelm\u00e4\u00dfig per Newsletter \u00fcber relevante Veranstaltungen sowie Publikationen und organisiert j\u00e4hrliche Tagungen an verschiedenen Standorten. Im Jahre 2009 fand bereits die 10. Tagung statt und die Initiatoren \u00fcbergaben ihre Aufgaben an ein neues Team. Seitdem betreuen Sascha Schwarz, Lars Penke und Benjamin Lange, und seit 2021 Kai Willf\u00fchr, die Website. Bis dato hat es 20 Tagungen gegeben und f\u00fcr das Jahr 2023 laufen die Planungen f\u00fcr ein 21. Treffen. Eine Liste der vergangenen Tagungen finden sie in unserem <a href=\"http:\/\/wp1146572.server-he.de\/index.php\/tagungsarchiv\/\" data-type=\"page\" data-id=\"50\">Tagungsarchiv<\/a>.<\/p>\n","protected":false},"excerpt":{"rendered":"<p>\u201cNothing in biology makes sense, except in the light of evolution.\u201d Theodosius Dobzhansky Die Mailingliste \u201eMenschliches Verhalten aus Evolution\u00e4rer Perspektive\u201c (MVE) dient dem wissenschaftlichen Austausch von evolutionstheoretisch interessierten Wissenschaftler*innen im deutschsprachigen Raum. Die MVE m\u00f6chte Interessierte dabei unterst\u00fctzen, miteinander ins Gespr\u00e4ch zu kommen, und Kooperationen anregen. Mitglieder der Liste laden hierzu j\u00e4hrlich zu einer Tagung &hellip; <\/p>\n<p class=\"link-more\"><a href=\"https:\/\/www.mve-liste.de\/\" class=\"more-link\"><span class=\"screen-reader-text\">\u201e\u00dcber MVE\u201c<\/span> weiterlesen<\/a><\/p>\n","protected":false},"author":2,"featured_media":0,"parent":0,"menu_order":0,"comment_status":"closed","ping_status":"open","template":"","meta":{"footnotes":""},"class_list":["post-2","page","type-page","status-publish","hentry","entry"],"_links":{"self":[{"href":"https:\/\/www.mve-liste.de\/index.php\/wp-json\/wp\/v2\/pages\/2","targetHints":{"allow":["GET"]}}],"collection":[{"href":"https:\/\/www.mve-liste.de\/index.php\/wp-json\/wp\/v2\/pages"}],"about":[{"href":"https:\/\/www.mve-liste.de\/index.php\/wp-json\/wp\/v2\/types\/page"}],"author":[{"embeddable":true,"href":"https:\/\/www.mve-liste.de\/index.php\/wp-json\/wp\/v2\/users\/2"}],"replies":[{"embeddable":true,"href":"https:\/\/www.mve-liste.de\/index.php\/wp-json\/wp\/v2\/comments?post=2"}],"version-history":[{"count":22,"href":"https:\/\/www.mve-liste.de\/index.php\/wp-json\/wp\/v2\/pages\/2\/revisions"}],"predecessor-version":[{"id":381,"href":"https:\/\/www.mve-liste.de\/index.php\/wp-json\/wp\/v2\/pages\/2\/revisions\/381"}],"wp:attachment":[{"href":"https:\/\/www.mve-liste.de\/index.php\/wp-json\/wp\/v2\/media?parent=2"}],"curies":[{"name":"wp","href":"https:\/\/api.w.org\/{rel}","templated":true}]}}