{"id":172,"date":"2021-09-16T11:39:07","date_gmt":"2021-09-16T09:39:07","guid":{"rendered":"http:\/\/wp1146572.server-he.de\/?page_id=172"},"modified":"2021-09-17T13:19:10","modified_gmt":"2021-09-17T11:19:10","slug":"links","status":"publish","type":"page","link":"https:\/\/www.mve-liste.de\/index.php\/links\/","title":{"rendered":"Links"},"content":{"rendered":"\n<p><a href=\"https:\/\/www.cambridge.org\/core\/membership\/ehbea\" data-type=\"URL\" data-id=\"https:\/\/www.cambridge.org\/core\/membership\/ehbea\">European Human Behaviour and Evolution Association (EHBEA)<\/a><br>The European Human Behaviour and Evolution Association is an interdisciplinary society that supports the activities of European researchers with an interest in evolutionary accounts of human cognition, behaviour and society.<\/p>\n\n\n\n<p><a rel=\"noreferrer noopener\" href=\"https:\/\/www.hbes.com\/\" data-type=\"URL\" data-id=\"https:\/\/www.hbes.com\/\" target=\"_blank\">Human Behavior and Evolution Society (HBES) <\/a><br>The Human Behavior and Evolution Society (HBES) is a society for all those studying the evolution of human behavior. Scientific perspectives range from evolutionary psychology to evolutionary anthropology and cultural evolution. The society\u2019s worldwide membership includes researchers from a range of disciplines in the social and biological sciences.<\/p>\n\n\n\n<p><a href=\"https:\/\/ishe.org\/\">International Society for Human Ethologie (ISHE)<\/a><br>The International Society for Human Ethology promotes ethological perspectives in the scientific study of humans worldwide.<\/p>\n\n\n\n<p><\/p>\n\n\n\n<p>* \u2013 Diese Website enth\u00e4lt Verlinkungen zu anderen (privaten) Webseiten (\u201eexterne Links\u201c). Diese Webseiten unterliegen der Haftung der jeweiligen Seitenbetreiber. Bei Verkn\u00fcpfung der externen Links waren keine Rechtsverst\u00f6\u00dfe ersichtlich. Auf die aktuelle und k\u00fcnftige Gestaltung der verlinkten Seiten hat der Anbieter keinen Einfluss. Die permanente \u00dcberpr\u00fcfung der externen Links ist f\u00fcr den Anbieter ohne konkrete Hinweise auf Rechtsverst\u00f6\u00dfe nicht zumutbar. Bei Bekanntwerden von Rechtsverst\u00f6\u00dfen werden die betroffenen externen Links unverz\u00fcglich gel\u00f6scht.<\/p>\n","protected":false},"excerpt":{"rendered":"<p>European Human Behaviour and Evolution Association (EHBEA)The European Human Behaviour and Evolution Association is an interdisciplinary society that supports the activities of European researchers with an interest in evolutionary accounts of human cognition, behaviour and society. Human Behavior and Evolution Society (HBES) The Human Behavior and Evolution Society (HBES) is a society for all those &hellip; <\/p>\n<p class=\"link-more\"><a href=\"https:\/\/www.mve-liste.de\/index.php\/links\/\" class=\"more-link\"><span class=\"screen-reader-text\">\u201eLinks\u201c<\/span> weiterlesen<\/a><\/p>\n","protected":false},"author":2,"featured_media":0,"parent":0,"menu_order":0,"comment_status":"closed","ping_status":"closed","template":"","meta":{"footnotes":""},"class_list":["post-172","page","type-page","status-publish","hentry","entry"],"_links":{"self":[{"href":"https:\/\/www.mve-liste.de\/index.php\/wp-json\/wp\/v2\/pages\/172","targetHints":{"allow":["GET"]}}],"collection":[{"href":"https:\/\/www.mve-liste.de\/index.php\/wp-json\/wp\/v2\/pages"}],"about":[{"href":"https:\/\/www.mve-liste.de\/index.php\/wp-json\/wp\/v2\/types\/page"}],"author":[{"embeddable":true,"href":"https:\/\/www.mve-liste.de\/index.php\/wp-json\/wp\/v2\/users\/2"}],"replies":[{"embeddable":true,"href":"https:\/\/www.mve-liste.de\/index.php\/wp-json\/wp\/v2\/comments?post=172"}],"version-history":[{"count":2,"href":"https:\/\/www.mve-liste.de\/index.php\/wp-json\/wp\/v2\/pages\/172\/revisions"}],"predecessor-version":[{"id":182,"href":"https:\/\/www.mve-liste.de\/index.php\/wp-json\/wp\/v2\/pages\/172\/revisions\/182"}],"wp:attachment":[{"href":"https:\/\/www.mve-liste.de\/index.php\/wp-json\/wp\/v2\/media?parent=172"}],"curies":[{"name":"wp","href":"https:\/\/api.w.org\/{rel}","templated":true}]}}